{"id":13,"date":"2025-07-19T12:42:54","date_gmt":"2025-07-19T12:42:54","guid":{"rendered":"https:\/\/nxtlvlfoundationec.org\/?page_id=13"},"modified":"2025-07-19T13:42:00","modified_gmt":"2025-07-19T13:42:00","slug":"inicio","status":"publish","type":"page","link":"https:\/\/nxtlvlfoundationec.org\/","title":{"rendered":"Inicio"},"content":{"rendered":"\n\n\t<section class=\"section\" id=\"section_552512313\">\n\t\t<div class=\"section-bg fill\" >\n\t\t\t<img loading=\"lazy\" decoding=\"async\" width=\"1536\" height=\"1024\" src=\"https:\/\/nxtlvlfoundationec.org\/wp-content\/uploads\/2025\/07\/fec74c02-6118-418f-adff-fa870cec6660.webp\" class=\"bg attachment-original size-original\" alt=\"\" \/>\t\t\t\t\t\t<div class=\"section-bg-overlay absolute fill\"><\/div>\n\t\t\t\n\n\t\t<\/div>\n\n\t\t\n\n\t\t<div class=\"section-content relative\">\n\t\t\t\n\n<div class=\"row align-right\"  id=\"row-333192362\">\n\n\n\t<div id=\"col-762288943\" class=\"col medium-6 small-12 large-6\"  >\n\t\t\t\t<div class=\"col-inner dark\"  >\n\t\t\t\n\t\t\t\n\n\t<div id=\"text-2338096067\" class=\"text\">\n\t\t\n\n<h1>CAMBIAMOS VIDAS A TRAV\u00c9S DEL DEPORTE<\/h1>\n\t\t\n<style>\n#text-2338096067 {\n  font-size: 1.65rem;\n  text-align: left;\n}\n<\/style>\n\t<\/div>\n\t\n\t<div id=\"text-3511119258\" class=\"text\">\n\t\t\n\n<p>En NXTLVL FOUNDATION EC creemos que cada ni\u00f1o merece una oportunidad real. Usamos el deporte como una herramienta poderosa para alejar a los m\u00e1s j\u00f3venes de las adicciones, la violencia y la exclusi\u00f3n. Entrenamos, educamos, cuidamos y acompa\u00f1amos a ni\u00f1os y ni\u00f1as de comunidades vulnerables para que puedan alcanzar su m\u00e1ximo potencial.<\/p>\n\t\t\n<style>\n#text-3511119258 {\n  text-align: left;\n}\n<\/style>\n\t<\/div>\n\t\n\t<div id=\"text-3981447439\" class=\"text\">\n\t\t\n\n<h3>Tu ayuda puede ser el punto de partida.<\/h3>\n\t\t\n<style>\n#text-3981447439 {\n  text-align: left;\n}\n<\/style>\n\t<\/div>\n\t\n<a href=\"https:\/\/www.paypal.com\/ncp\/payment\/NYSYQD69CRWK8\" class=\"button secondary\"  >\n\t\t<span>\u00a1Haz tu donaci\u00f3n hoy!<\/span>\n\t<\/a>\n\n\n\n\t\t<\/div>\n\t\t\t\t\t<\/div>\n\n\t\n\n<\/div>\n\n\t\t<\/div>\n\n\t\t\n<style>\n#section_552512313 {\n  padding-top: 30px;\n  padding-bottom: 30px;\n  min-height: 100vh;\n}\n#section_552512313 .section-bg-overlay {\n  background-color: rgba(0,0,0,.5);\n}\n#section_552512313 .section-bg img {\n  object-position: 17% 8%;\n}\n@media (min-width:550px) {\n  #section_552512313 {\n    min-height: 90vh;\n  }\n}\n<\/style>\n\t<\/section>\n\t\n\n\t<section class=\"section\" id=\"section_468608130\">\n\t\t<div class=\"section-bg fill\" >\n\t\t\t\t\t\t\t\t\t\n\t\t\t\n\n\t\t<\/div>\n\n\t\t\n\n\t\t<div class=\"section-content relative\">\n\t\t\t\n\n<div class=\"row row-collapse row-full-width align-middle\"  id=\"row-792426414\">\n\n\n\t<div id=\"col-1887823688\" class=\"col medium-4 small-12 large-4\"  >\n\t\t\t\t<div class=\"col-inner\"  >\n\t\t\t\n\t\t\t\n\n\t<div class=\"box has-hover   has-hover box-overlay dark box-text-middle\" >\n\n\t\t<div class=\"box-image\" >\n\t\t\t\t\t\t<div class=\"\" >\n\t\t\t\t<img loading=\"lazy\" decoding=\"async\" width=\"1200\" height=\"1600\" src=\"https:\/\/nxtlvlfoundationec.org\/wp-content\/uploads\/2025\/07\/481983225_514595711678821_3972030806367373562_n.webp\" class=\"attachment- size-\" alt=\"\" srcset=\"https:\/\/nxtlvlfoundationec.org\/wp-content\/uploads\/2025\/07\/481983225_514595711678821_3972030806367373562_n.webp 1200w, https:\/\/nxtlvlfoundationec.org\/wp-content\/uploads\/2025\/07\/481983225_514595711678821_3972030806367373562_n-225x300.webp 225w, https:\/\/nxtlvlfoundationec.org\/wp-content\/uploads\/2025\/07\/481983225_514595711678821_3972030806367373562_n-768x1024.webp 768w, https:\/\/nxtlvlfoundationec.org\/wp-content\/uploads\/2025\/07\/481983225_514595711678821_3972030806367373562_n-1152x1536.webp 1152w\" sizes=\"auto, (max-width: 1200px) 100vw, 1200px\" \/>\t\t\t\t<div class=\"overlay\" style=\"background-color:rgba(18, 17, 17, 0.61)\"><\/div>\t\t\t\t\t\t\t<\/div>\n\t\t\t\t\t<\/div>\n\n\t\t<div class=\"box-text text-center\" >\n\t\t\t<div class=\"box-text-inner\">\n\t\t\t\t\n\n<div class=\"video-button-wrapper\" style=\"font-size:283%\"><a href=\"https:\/\/www.youtube.com\/watch?v=NvTIPymJHIE\" class=\"button open-video icon circle is-outline is-xlarge\"><i class=\"icon-play\" style=\"font-size:1.5em;\" ><\/i><\/a><\/div>\n\n\n\t\t\t<\/div>\n\t\t<\/div>\n\t<\/div>\n\t\n\n\t\t<\/div>\n\t\t\t\t\t<\/div>\n\n\t\n\n\t<div id=\"col-592735946\" class=\"col medium-8 small-12 large-8 small-col-first\"  >\n\t\t\t\t<div class=\"col-inner\"  >\n\t\t\t\n\t\t\t\n\n<h5>NUESTRA HISTORIA<\/h5>\n\t<div id=\"text-3031828134\" class=\"text\">\n\t\t\n\n<h2>UN CAMINO HACIA UN FUTURO MEJOR<\/h2>\n\t\t\n<style>\n#text-3031828134 {\n  font-size: 1.9rem;\n}\n<\/style>\n\t<\/div>\n\t\n<p>Cada d\u00eda, cientos de ni\u00f1os y ni\u00f1as crecen en entornos vulnerables, expuestos a la violencia, el abandono o las adicciones. En NXTLVL FOUNDATION EC, creemos que el deporte puede ser el punto de partida para transformar sus vidas.<\/p>\n<p>Nuestra visi\u00f3n es construir un espacio integral: un refugio donde puedan recibir atenci\u00f3n m\u00e9dica, apoyo psicol\u00f3gico, refuerzo escolar, una alimentaci\u00f3n adecuada y, sobre todo, esperanza. Queremos que ese lugar se convierta en un segundo hogar, donde se sientan seguros, valorados y acompa\u00f1ados en su desarrollo.<\/p>\n<p>Pero para lograrlo, necesitamos tu ayuda. Cada donaci\u00f3n, por peque\u00f1a que sea, nos acerca a ese sue\u00f1o compartido. T\u00fa puedes ser parte de este cambio. T\u00fa puedes ayudar a construir un futuro mejor para ellos.<\/p>\n<p>No es solo una donaci\u00f3n. Es una oportunidad, es una sonrisa, es una vida que puede tomar un nuevo rumbo gracias a ti.<\/p>\n<a href=\"https:\/\/www.paypal.com\/ncp\/payment\/NYSYQD69CRWK8\" class=\"button secondary\"  >\n\t\t<span>\u00a1Haz tu donaci\u00f3n hoy!<\/span>\n\t<\/a>\n\n\n\n\t\t<\/div>\n\t\t\t\t\n<style>\n#col-592735946 > .col-inner {\n  padding: 5% 5% 5% 5%;\n}\n@media (min-width:550px) {\n  #col-592735946 > .col-inner {\n    padding: 5% 15% 5% 15%;\n  }\n}\n<\/style>\n\t<\/div>\n\n\t\n\n<\/div>\n\n\t\t<\/div>\n\n\t\t\n<style>\n#section_468608130 {\n  padding-top: 0px;\n  padding-bottom: 0px;\n}\n<\/style>\n\t<\/section>\n\t\n\n\t<section class=\"section has-parallax\" id=\"section_1435540620\">\n\t\t<div class=\"section-bg fill\" data-parallax-container=\".section\" data-parallax-background data-parallax=\"-8\">\n\t\t\t<img loading=\"lazy\" decoding=\"async\" width=\"1600\" height=\"1200\" src=\"https:\/\/nxtlvlfoundationec.org\/wp-content\/uploads\/2025\/07\/30f950a4-f07f-4d92-8333-be10a654a5f7.webp\" class=\"bg attachment-original size-original\" alt=\"\" \/>\t\t\t\t\t\t<div class=\"section-bg-overlay absolute fill\"><\/div>\n\t\t\t\n\n\t\t<\/div>\n\n\t\t\n\n\t\t<div class=\"section-content relative\">\n\t\t\t\n\n<div class=\"row\"  id=\"row-1900248912\">\n\n\n\t<div id=\"col-1273842473\" class=\"col small-12 large-12\"  >\n\t\t\t\t<div class=\"col-inner text-center dark\"  >\n\t\t\t\n\t\t\t\n\n\t<div id=\"text-1876263031\" class=\"text\">\n\t\t\n\n<h2>\u00bfC\u00d3MO AYUDAMOS?<br \/>\n<\/h2>\n\t\t\n<style>\n#text-1876263031 {\n  font-size: 1.9rem;\n}\n<\/style>\n\t<\/div>\n\t\n\n\t\t<\/div>\n\t\t\t\t\t<\/div>\n\n\t\n\n\t<div id=\"col-1160509\" class=\"col medium-4 small-12 large-4\"  >\n\t\t\t\t<div class=\"col-inner text-center dark\"  >\n\t\t\t\n\t\t\t\n\n\n\t\t<div class=\"icon-box featured-box icon-box-center text-center\"  >\n\t\t\t\t\t<div class=\"icon-box-img\" style=\"width: 60px\">\n\t\t\t\t<div class=\"icon\">\n\t\t\t\t\t<div class=\"icon-inner\" >\n\t\t\t\t\t\t<?xml version=\"1.0\" encoding=\"UTF-8\"?>\n<svg id=\"Capa_3\" data-name=\"Capa 3\" xmlns=\"http:\/\/www.w3.org\/2000\/svg\" viewBox=\"0 0 459 342\">\n  <rect x=\"401.1\" y=\"23.5\" width=\"42.4\" height=\"34.88\"\/>\n  <polygon points=\"399.1 23.5 399.1 163 356.7 163 356.7 58.38 314.3 58.38 314.3 23.5 399.1 23.5\"\/>\n  <rect x=\"63.9\" y=\"282.62\" width=\"77.6\" height=\"34.88\"\/>\n  <polygon points=\"238.41 51.74 237.95 52.43 213.94 88.49 170.72 23.5 219.61 23.5 238.41 51.74\"\/>\n  <polygon points=\"312.5 163 263.5 163 239.61 127.08 264.08 90.29 312.5 163\"\/>\n  <polygon points=\"308.5 23.5 264.08 90.29 239.61 127.08 215.72 163 166.72 163 215.14 90.29 239.61 53.54 259.61 23.5 308.5 23.5\"\/>\n  <rect x=\"19.5\" y=\"178\" width=\"42.4\" height=\"139.5\"\/>\n  <rect x=\"365.9\" y=\"282.62\" width=\"77.6\" height=\"34.88\"\/>\n  <rect x=\"321.5\" y=\"178\" width=\"42.4\" height=\"139.5\"\/>\n  <polygon points=\"211.8 259.75 211.09 261.44 187.83 317.23 187.81 317.28 123.1 178 173.82 178 211.8 259.75\"\/>\n  <polygon points=\"297.91 178 239.51 318 189.68 318 212.94 262.21 248.07 178 297.91 178\"\/>\n  <path d=\"M0,0v342h459V0H0ZM454,337H5V5h449v332Z\"\/>\n  <polygon points=\"104.3 73.6 104.3 152.97 61.7 103.23 61.7 163 19.5 163 19.3 162.67 19.3 23.5 61.39 23.5 61.7 23.86 104.3 73.6\"\/>\n  <polygon points=\"148.7 23.5 148.7 163 106.5 163 106.3 162.67 106.3 23.5 148.7 23.5\"\/>\n<\/svg>\t\t\t\t\t<\/div>\n\t\t\t\t<\/div>\n\t\t\t<\/div>\n\t\t\t\t<div class=\"icon-box-text last-reset\">\n\t\t\t<h5 class=\"uppercase\">Entrenamiento Deportivo<\/h5>\t\t\t\t\t\t\n\n<p>Formamos a ni\u00f1os y ni\u00f1as a trav\u00e9s del deporte, fomentando valores como la disciplina, el respeto y el trabajo en equipo.<\/p>\n\n\t\t<\/div>\n\t<\/div>\n\t\n\t\n\n\t\t<\/div>\n\t\t\t\t\t<\/div>\n\n\t\n\n\t<div id=\"col-696489272\" class=\"col medium-4 small-12 large-4\"  >\n\t\t\t\t<div class=\"col-inner text-center dark\"  >\n\t\t\t\n\t\t\t\n\n\n\t\t<div class=\"icon-box featured-box icon-box-center text-center\"  >\n\t\t\t\t\t<div class=\"icon-box-img\" style=\"width: 60px\">\n\t\t\t\t<div class=\"icon\">\n\t\t\t\t\t<div class=\"icon-inner\" >\n\t\t\t\t\t\t<?xml version=\"1.0\" encoding=\"UTF-8\"?>\n<svg id=\"Capa_3\" data-name=\"Capa 3\" xmlns=\"http:\/\/www.w3.org\/2000\/svg\" viewBox=\"0 0 459 342\">\n  <rect x=\"401.1\" y=\"23.5\" width=\"42.4\" height=\"34.88\"\/>\n  <polygon points=\"399.1 23.5 399.1 163 356.7 163 356.7 58.38 314.3 58.38 314.3 23.5 399.1 23.5\"\/>\n  <rect x=\"63.9\" y=\"282.62\" width=\"77.6\" height=\"34.88\"\/>\n  <polygon points=\"238.41 51.74 237.95 52.43 213.94 88.49 170.72 23.5 219.61 23.5 238.41 51.74\"\/>\n  <polygon points=\"312.5 163 263.5 163 239.61 127.08 264.08 90.29 312.5 163\"\/>\n  <polygon points=\"308.5 23.5 264.08 90.29 239.61 127.08 215.72 163 166.72 163 215.14 90.29 239.61 53.54 259.61 23.5 308.5 23.5\"\/>\n  <rect x=\"19.5\" y=\"178\" width=\"42.4\" height=\"139.5\"\/>\n  <rect x=\"365.9\" y=\"282.62\" width=\"77.6\" height=\"34.88\"\/>\n  <rect x=\"321.5\" y=\"178\" width=\"42.4\" height=\"139.5\"\/>\n  <polygon points=\"211.8 259.75 211.09 261.44 187.83 317.23 187.81 317.28 123.1 178 173.82 178 211.8 259.75\"\/>\n  <polygon points=\"297.91 178 239.51 318 189.68 318 212.94 262.21 248.07 178 297.91 178\"\/>\n  <path d=\"M0,0v342h459V0H0ZM454,337H5V5h449v332Z\"\/>\n  <polygon points=\"104.3 73.6 104.3 152.97 61.7 103.23 61.7 163 19.5 163 19.3 162.67 19.3 23.5 61.39 23.5 61.7 23.86 104.3 73.6\"\/>\n  <polygon points=\"148.7 23.5 148.7 163 106.5 163 106.3 162.67 106.3 23.5 148.7 23.5\"\/>\n<\/svg>\t\t\t\t\t<\/div>\n\t\t\t\t<\/div>\n\t\t\t<\/div>\n\t\t\t\t<div class=\"icon-box-text last-reset\">\n\t\t\t<h5 class=\"uppercase\">Apoyo a la integraci\u00f3n<\/h5>\t\t\t\t\t\t\n\n<p>Acompa\u00f1amos a ni\u00f1os y familias para que puedan integrarse a espacios seguros y de desarrollo.<\/p>\n\n\t\t<\/div>\n\t<\/div>\n\t\n\t\n\n\t\t<\/div>\n\t\t\t\t\t<\/div>\n\n\t\n\n\t<div id=\"col-897331954\" class=\"col medium-4 small-12 large-4\"  >\n\t\t\t\t<div class=\"col-inner text-center dark\"  >\n\t\t\t\n\t\t\t\n\n\n\t\t<div class=\"icon-box featured-box icon-box-center text-center\"  >\n\t\t\t\t\t<div class=\"icon-box-img\" style=\"width: 60px\">\n\t\t\t\t<div class=\"icon\">\n\t\t\t\t\t<div class=\"icon-inner\" >\n\t\t\t\t\t\t<?xml version=\"1.0\" encoding=\"UTF-8\"?>\n<svg id=\"Capa_3\" data-name=\"Capa 3\" xmlns=\"http:\/\/www.w3.org\/2000\/svg\" viewBox=\"0 0 459 342\">\n  <rect x=\"401.1\" y=\"23.5\" width=\"42.4\" height=\"34.88\"\/>\n  <polygon points=\"399.1 23.5 399.1 163 356.7 163 356.7 58.38 314.3 58.38 314.3 23.5 399.1 23.5\"\/>\n  <rect x=\"63.9\" y=\"282.62\" width=\"77.6\" height=\"34.88\"\/>\n  <polygon points=\"238.41 51.74 237.95 52.43 213.94 88.49 170.72 23.5 219.61 23.5 238.41 51.74\"\/>\n  <polygon points=\"312.5 163 263.5 163 239.61 127.08 264.08 90.29 312.5 163\"\/>\n  <polygon points=\"308.5 23.5 264.08 90.29 239.61 127.08 215.72 163 166.72 163 215.14 90.29 239.61 53.54 259.61 23.5 308.5 23.5\"\/>\n  <rect x=\"19.5\" y=\"178\" width=\"42.4\" height=\"139.5\"\/>\n  <rect x=\"365.9\" y=\"282.62\" width=\"77.6\" height=\"34.88\"\/>\n  <rect x=\"321.5\" y=\"178\" width=\"42.4\" height=\"139.5\"\/>\n  <polygon points=\"211.8 259.75 211.09 261.44 187.83 317.23 187.81 317.28 123.1 178 173.82 178 211.8 259.75\"\/>\n  <polygon points=\"297.91 178 239.51 318 189.68 318 212.94 262.21 248.07 178 297.91 178\"\/>\n  <path d=\"M0,0v342h459V0H0ZM454,337H5V5h449v332Z\"\/>\n  <polygon points=\"104.3 73.6 104.3 152.97 61.7 103.23 61.7 163 19.5 163 19.3 162.67 19.3 23.5 61.39 23.5 61.7 23.86 104.3 73.6\"\/>\n  <polygon points=\"148.7 23.5 148.7 163 106.5 163 106.3 162.67 106.3 23.5 148.7 23.5\"\/>\n<\/svg>\t\t\t\t\t<\/div>\n\t\t\t\t<\/div>\n\t\t\t<\/div>\n\t\t\t\t<div class=\"icon-box-text last-reset\">\n\t\t\t<h5 class=\"uppercase\">Donaciones directas<\/h5>\t\t\t\t\t\t\n\n<p>Tu aporte ayuda a cubrir necesidades inmediatas como alimentaci\u00f3n, uniformes o transporte.<\/p>\n\n\t\t<\/div>\n\t<\/div>\n\t\n\t\n\n\t\t<\/div>\n\t\t\t\t\t<\/div>\n\n\t\n\n\t<div id=\"col-683019353\" class=\"col medium-4 small-12 large-4\"  >\n\t\t\t\t<div class=\"col-inner text-center dark\"  >\n\t\t\t\n\t\t\t\n\n\n\t\t<div class=\"icon-box featured-box icon-box-center text-center\"  >\n\t\t\t\t\t<div class=\"icon-box-img\" style=\"width: 60px\">\n\t\t\t\t<div class=\"icon\">\n\t\t\t\t\t<div class=\"icon-inner\" >\n\t\t\t\t\t\t<?xml version=\"1.0\" encoding=\"UTF-8\"?>\n<svg id=\"Capa_3\" data-name=\"Capa 3\" xmlns=\"http:\/\/www.w3.org\/2000\/svg\" viewBox=\"0 0 459 342\">\n  <rect x=\"401.1\" y=\"23.5\" width=\"42.4\" height=\"34.88\"\/>\n  <polygon points=\"399.1 23.5 399.1 163 356.7 163 356.7 58.38 314.3 58.38 314.3 23.5 399.1 23.5\"\/>\n  <rect x=\"63.9\" y=\"282.62\" width=\"77.6\" height=\"34.88\"\/>\n  <polygon points=\"238.41 51.74 237.95 52.43 213.94 88.49 170.72 23.5 219.61 23.5 238.41 51.74\"\/>\n  <polygon points=\"312.5 163 263.5 163 239.61 127.08 264.08 90.29 312.5 163\"\/>\n  <polygon points=\"308.5 23.5 264.08 90.29 239.61 127.08 215.72 163 166.72 163 215.14 90.29 239.61 53.54 259.61 23.5 308.5 23.5\"\/>\n  <rect x=\"19.5\" y=\"178\" width=\"42.4\" height=\"139.5\"\/>\n  <rect x=\"365.9\" y=\"282.62\" width=\"77.6\" height=\"34.88\"\/>\n  <rect x=\"321.5\" y=\"178\" width=\"42.4\" height=\"139.5\"\/>\n  <polygon points=\"211.8 259.75 211.09 261.44 187.83 317.23 187.81 317.28 123.1 178 173.82 178 211.8 259.75\"\/>\n  <polygon points=\"297.91 178 239.51 318 189.68 318 212.94 262.21 248.07 178 297.91 178\"\/>\n  <path d=\"M0,0v342h459V0H0ZM454,337H5V5h449v332Z\"\/>\n  <polygon points=\"104.3 73.6 104.3 152.97 61.7 103.23 61.7 163 19.5 163 19.3 162.67 19.3 23.5 61.39 23.5 61.7 23.86 104.3 73.6\"\/>\n  <polygon points=\"148.7 23.5 148.7 163 106.5 163 106.3 162.67 106.3 23.5 148.7 23.5\"\/>\n<\/svg>\t\t\t\t\t<\/div>\n\t\t\t\t<\/div>\n\t\t\t<\/div>\n\t\t\t\t<div class=\"icon-box-text last-reset\">\n\t\t\t<h5 class=\"uppercase\">Fortalecimiento de Capacidades<\/h5>\t\t\t\t\t\t\n\n<p>Talleres formativos que impulsan habilidades personales, emocionales y sociales.<\/p>\n\n\t\t<\/div>\n\t<\/div>\n\t\n\t\n\n\t\t<\/div>\n\t\t\t\t\t<\/div>\n\n\t\n\n\t<div id=\"col-1047643565\" class=\"col medium-4 small-12 large-4\"  >\n\t\t\t\t<div class=\"col-inner text-center dark\"  >\n\t\t\t\n\t\t\t\n\n\n\t\t<div class=\"icon-box featured-box icon-box-center text-center\"  >\n\t\t\t\t\t<div class=\"icon-box-img\" style=\"width: 60px\">\n\t\t\t\t<div class=\"icon\">\n\t\t\t\t\t<div class=\"icon-inner\" >\n\t\t\t\t\t\t<?xml version=\"1.0\" encoding=\"UTF-8\"?>\n<svg id=\"Capa_3\" data-name=\"Capa 3\" xmlns=\"http:\/\/www.w3.org\/2000\/svg\" viewBox=\"0 0 459 342\">\n  <rect x=\"401.1\" y=\"23.5\" width=\"42.4\" height=\"34.88\"\/>\n  <polygon points=\"399.1 23.5 399.1 163 356.7 163 356.7 58.38 314.3 58.38 314.3 23.5 399.1 23.5\"\/>\n  <rect x=\"63.9\" y=\"282.62\" width=\"77.6\" height=\"34.88\"\/>\n  <polygon points=\"238.41 51.74 237.95 52.43 213.94 88.49 170.72 23.5 219.61 23.5 238.41 51.74\"\/>\n  <polygon points=\"312.5 163 263.5 163 239.61 127.08 264.08 90.29 312.5 163\"\/>\n  <polygon points=\"308.5 23.5 264.08 90.29 239.61 127.08 215.72 163 166.72 163 215.14 90.29 239.61 53.54 259.61 23.5 308.5 23.5\"\/>\n  <rect x=\"19.5\" y=\"178\" width=\"42.4\" height=\"139.5\"\/>\n  <rect x=\"365.9\" y=\"282.62\" width=\"77.6\" height=\"34.88\"\/>\n  <rect x=\"321.5\" y=\"178\" width=\"42.4\" height=\"139.5\"\/>\n  <polygon points=\"211.8 259.75 211.09 261.44 187.83 317.23 187.81 317.28 123.1 178 173.82 178 211.8 259.75\"\/>\n  <polygon points=\"297.91 178 239.51 318 189.68 318 212.94 262.21 248.07 178 297.91 178\"\/>\n  <path d=\"M0,0v342h459V0H0ZM454,337H5V5h449v332Z\"\/>\n  <polygon points=\"104.3 73.6 104.3 152.97 61.7 103.23 61.7 163 19.5 163 19.3 162.67 19.3 23.5 61.39 23.5 61.7 23.86 104.3 73.6\"\/>\n  <polygon points=\"148.7 23.5 148.7 163 106.5 163 106.3 162.67 106.3 23.5 148.7 23.5\"\/>\n<\/svg>\t\t\t\t\t<\/div>\n\t\t\t\t<\/div>\n\t\t\t<\/div>\n\t\t\t\t<div class=\"icon-box-text last-reset\">\n\t\t\t<h5 class=\"uppercase\">Comedor Comunitario<\/h5>\t\t\t\t\t\t\n\n<p>Brindaremos alimentos saludables y educaci\u00f3n nutricional para apoyar el desarrollo f\u00edsico de los ni\u00f1os y ni\u00f1as.<\/p>\n\n\t\t<\/div>\n\t<\/div>\n\t\n\t\n\n\t\t<\/div>\n\t\t\t\t\t<\/div>\n\n\t\n\n\t<div id=\"col-115575013\" class=\"col medium-4 small-12 large-4\"  >\n\t\t\t\t<div class=\"col-inner text-center dark\"  >\n\t\t\t\n\t\t\t\n\n\n\t\t<div class=\"icon-box featured-box icon-box-center text-center\"  >\n\t\t\t\t\t<div class=\"icon-box-img\" style=\"width: 60px\">\n\t\t\t\t<div class=\"icon\">\n\t\t\t\t\t<div class=\"icon-inner\" >\n\t\t\t\t\t\t<?xml version=\"1.0\" encoding=\"UTF-8\"?>\n<svg id=\"Capa_3\" data-name=\"Capa 3\" xmlns=\"http:\/\/www.w3.org\/2000\/svg\" viewBox=\"0 0 459 342\">\n  <rect x=\"401.1\" y=\"23.5\" width=\"42.4\" height=\"34.88\"\/>\n  <polygon points=\"399.1 23.5 399.1 163 356.7 163 356.7 58.38 314.3 58.38 314.3 23.5 399.1 23.5\"\/>\n  <rect x=\"63.9\" y=\"282.62\" width=\"77.6\" height=\"34.88\"\/>\n  <polygon points=\"238.41 51.74 237.95 52.43 213.94 88.49 170.72 23.5 219.61 23.5 238.41 51.74\"\/>\n  <polygon points=\"312.5 163 263.5 163 239.61 127.08 264.08 90.29 312.5 163\"\/>\n  <polygon points=\"308.5 23.5 264.08 90.29 239.61 127.08 215.72 163 166.72 163 215.14 90.29 239.61 53.54 259.61 23.5 308.5 23.5\"\/>\n  <rect x=\"19.5\" y=\"178\" width=\"42.4\" height=\"139.5\"\/>\n  <rect x=\"365.9\" y=\"282.62\" width=\"77.6\" height=\"34.88\"\/>\n  <rect x=\"321.5\" y=\"178\" width=\"42.4\" height=\"139.5\"\/>\n  <polygon points=\"211.8 259.75 211.09 261.44 187.83 317.23 187.81 317.28 123.1 178 173.82 178 211.8 259.75\"\/>\n  <polygon points=\"297.91 178 239.51 318 189.68 318 212.94 262.21 248.07 178 297.91 178\"\/>\n  <path d=\"M0,0v342h459V0H0ZM454,337H5V5h449v332Z\"\/>\n  <polygon points=\"104.3 73.6 104.3 152.97 61.7 103.23 61.7 163 19.5 163 19.3 162.67 19.3 23.5 61.39 23.5 61.7 23.86 104.3 73.6\"\/>\n  <polygon points=\"148.7 23.5 148.7 163 106.5 163 106.3 162.67 106.3 23.5 148.7 23.5\"\/>\n<\/svg>\t\t\t\t\t<\/div>\n\t\t\t\t<\/div>\n\t\t\t<\/div>\n\t\t\t\t<div class=\"icon-box-text last-reset\">\n\t\t\t<h5 class=\"uppercase\">Atenci\u00f3n m\u00e9dica y nutricional<\/h5>\t\t\t\t\t\t\n\n<p>Contaremos con servicios de salud que incluir\u00e1n atenci\u00f3n m\u00e9dica, rehabilitaci\u00f3n, terapia f\u00edsica y apoyo psicol\u00f3gico.<\/p>\n\n\t\t<\/div>\n\t<\/div>\n\t\n\t\n\n\t\t<\/div>\n\t\t\t\t\t<\/div>\n\n\t\n\n\t<div id=\"col-641301827\" class=\"col small-12 large-12\"  >\n\t\t\t\t<div class=\"col-inner text-center\"  >\n\t\t\t\n\t\t\t\n\n<a href=\"https:\/\/www.paypal.com\/ncp\/payment\/NYSYQD69CRWK8\" class=\"button secondary\"  >\n\t\t<span>\u00a1Haz tu donaci\u00f3n hoy!<\/span>\n\t<\/a>\n\n\n\n\t\t<\/div>\n\t\t\t\t\t<\/div>\n\n\t\n\n<\/div>\n\n\t\t<\/div>\n\n\t\t\n<style>\n#section_1435540620 {\n  padding-top: 80px;\n  padding-bottom: 80px;\n}\n#section_1435540620 .section-bg-overlay {\n  background-color: rgba(0, 0, 0, 0.82);\n}\n<\/style>\n\t<\/section>\n\t\n\n\t<section class=\"section\" id=\"section_953662674\">\n\t\t<div class=\"section-bg fill\" >\n\t\t\t\t\t\t\t\t\t\n\t\t\t\n\n\t\t<\/div>\n\n\t\t\n\n\t\t<div class=\"section-content relative\">\n\t\t\t\n\n<div class=\"row row-collapse row-full-width align-middle\"  id=\"row-1383569723\">\n\n\n\t<div id=\"col-680534430\" class=\"col medium-6 small-12 large-6 small-col-first\"  >\n\t\t\t\t<div class=\"col-inner\"  >\n\t\t\t\n\t\t\t\n\n<h5 class=\"uppercase\">Cada aporte cuenta. Cada gesto transforma.<\/h5>\n\t<div id=\"text-3090677800\" class=\"text\">\n\t\t\n\n<h2>T\u00da TAMBI\u00c9N PUEDES SER PARTE<\/h2>\n\n\t\t\n<style>\n#text-3090677800 {\n  font-size: 1.4rem;\n}\n<\/style>\n\t<\/div>\n\t\n<p>En NXTLVL FOUNDATION EC, sabemos que el cambio no se logra en solitario. Por eso, abrimos las puertas para que t\u00fa tambi\u00e9n seas parte de esta misi\u00f3n. No todo se trata de dinero: tambi\u00e9n puedes contribuir con insumos que usamos d\u00eda a d\u00eda en nuestras actividades. Desde balones y uniformes hasta alimentos, transporte o materiales escolares, cada donaci\u00f3n suma.\u00a0<\/p>\n<p><strong>Tambi\u00e9n puedes contribuir con donaciones de:<\/strong><\/p>\n<ul>\n<li class=\"bullet-star\">Balones, uniformes, calzado y material de entrenamiento<\/li>\n<li class=\"bullet-star\">Comidas saludables y alimentos no perecibles<\/li>\n<li class=\"bullet-star\">Transporte, inscripciones y alojamiento para competencias<\/li>\n<li class=\"bullet-star\">Equipamiento para el gimnasio y \u00e1reas deportivas<\/li>\n<li class=\"bullet-star\">Material escolar, libros y equipos para el centro de c\u00f3mputo<\/li>\n<li class=\"bullet-star\">Fondos para cubrir gastos operativos y becas de entrenamiento<\/li>\n<\/ul>\n<a href=\"https:\/\/www.paypal.com\/ncp\/payment\/NYSYQD69CRWK8\" class=\"button secondary\"  >\n\t\t<span>\u00a1Haz tu donaci\u00f3n hoy!<\/span>\n\t<\/a>\n\n\n\n\t\t<\/div>\n\t\t\t\t\n<style>\n#col-680534430 > .col-inner {\n  padding: 5% 5% 5% 5%;\n}\n@media (min-width:550px) {\n  #col-680534430 > .col-inner {\n    padding: 5% 15% 5% 15%;\n  }\n}\n<\/style>\n\t<\/div>\n\n\t\n\n\t<div id=\"col-913699193\" class=\"col medium-6 small-12 large-6\"  >\n\t\t\t\t<div class=\"col-inner\"  >\n\t\t\t\n\t\t\t\n\n<div id=\"paypal-container-NYSYQD69CRWK8\"><\/div>\r\n<script>\r\n  paypal.HostedButtons({\r\n    hostedButtonId: \"NYSYQD69CRWK8\",\r\n  }).render(\"#paypal-container-NYSYQD69CRWK8\")\r\n<\/script>\n\n\n\t\t<\/div>\n\t\t\t\t\n<style>\n#col-913699193 > .col-inner {\n  padding: 0px 5% 0px 5%;\n}\n<\/style>\n\t<\/div>\n\n\t\n\n<\/div>\n\n\t\t<\/div>\n\n\t\t\n<style>\n#section_953662674 {\n  padding-top: 0px;\n  padding-bottom: 0px;\n}\n<\/style>\n\t<\/section>\n\t\n\n","protected":false},"excerpt":{"rendered":"","protected":false},"author":1,"featured_media":0,"parent":0,"menu_order":0,"comment_status":"closed","ping_status":"closed","template":"page-transparent-header-light.php","meta":{"footnotes":""},"class_list":["post-13","page","type-page","status-publish","hentry"],"_links":{"self":[{"href":"https:\/\/nxtlvlfoundationec.org\/index.php?rest_route=\/wp\/v2\/pages\/13","targetHints":{"allow":["GET"]}}],"collection":[{"href":"https:\/\/nxtlvlfoundationec.org\/index.php?rest_route=\/wp\/v2\/pages"}],"about":[{"href":"https:\/\/nxtlvlfoundationec.org\/index.php?rest_route=\/wp\/v2\/types\/page"}],"author":[{"embeddable":true,"href":"https:\/\/nxtlvlfoundationec.org\/index.php?rest_route=\/wp\/v2\/users\/1"}],"replies":[{"embeddable":true,"href":"https:\/\/nxtlvlfoundationec.org\/index.php?rest_route=%2Fwp%2Fv2%2Fcomments&post=13"}],"version-history":[{"count":28,"href":"https:\/\/nxtlvlfoundationec.org\/index.php?rest_route=\/wp\/v2\/pages\/13\/revisions"}],"predecessor-version":[{"id":60,"href":"https:\/\/nxtlvlfoundationec.org\/index.php?rest_route=\/wp\/v2\/pages\/13\/revisions\/60"}],"wp:attachment":[{"href":"https:\/\/nxtlvlfoundationec.org\/index.php?rest_route=%2Fwp%2Fv2%2Fmedia&parent=13"}],"curies":[{"name":"wp","href":"https:\/\/api.w.org\/{rel}","templated":true}]}}